
{"id":53,"date":"2012-08-29T07:48:03","date_gmt":"2012-08-29T07:48:03","guid":{"rendered":"http:\/\/iamdesigning.com\/themes\/spatreats\/?page_id=53"},"modified":"2019-04-17T09:58:36","modified_gmt":"2019-04-17T09:58:36","slug":"therapists","status":"publish","type":"page","link":"https:\/\/wohlarium.de\/?page_id=53","title":{"rendered":"Das Team"},"content":{"rendered":"<div class='hr_invisible '><\/div>\n<div  id = 'spa' class='column one-fourth  '><p><a href=\"https:\/\/wohlarium.com\/wp-content\/uploads\/2014\/07\/Mitarbeiter-Portraits_silvia.png\"><img decoding=\"async\" loading=\"lazy\" class=\"size-full wp-image-2157 alignleft\" src=\"https:\/\/wohlarium.com\/wp-content\/uploads\/2014\/07\/Mitarbeiter-Portraits_silvia.png\" alt=\"Mitarbeiter-Portraits_silvia\" width=\"210\" height=\"210\" srcset=\"https:\/\/wohlarium.de\/wp-content\/uploads\/2014\/07\/Mitarbeiter-Portraits_silvia.png 210w, https:\/\/wohlarium.de\/wp-content\/uploads\/2014\/07\/Mitarbeiter-Portraits_silvia-150x150.png 150w, https:\/\/wohlarium.de\/wp-content\/uploads\/2014\/07\/Mitarbeiter-Portraits_silvia-54x54.png 54w\" sizes=\"(max-width: 210px) 100vw, 210px\" \/><\/a><\/p><\/div>\n<div  class='column three-fourth  last'><h1>Silvia Gottschlich<\/h1>\n<table style=\"height: 71px;\">\n<tbody>\n<tr>\n<td>Inhaberin Wohlarium &#8211; Zentrum f\u00fcr Wellness und Entspannung<strong> \n<\/strong><\/td>\n<\/tr>\n<tr>\n<td>Ausgebildete Fachkosmetikerin, Wellness-Masseurin, Entspannungs-Trainerin<\/td>\n<\/tr>\n<\/tbody>\n<\/table>\n<blockquote class = 'type3'><p>Ich freue mich auf meine Kunden, weil wir zueinander ein vertrauensvolles Verh\u00e4ltnis pflegen und uns miteinander freuen, da\u00df wir zusammen eine sch\u00f6ne, entspannte Zeit verbringen d\u00fcrfen. Das Lachen kommt dabei nicht zu kurz! Und wenn mein Kunde dann am Ende der Behandlung sagt:<em> \u201eIch freue mich schon auf das n\u00e4chste Mal bei Ihnen!&#8220;<\/em> \u2013 dann habe ich mein Ziel erreicht und freue mich mit ihm!<\/p> <\/p><\/blockquote><\/div>\n<p>&nbsp;<\/p>\n<p>&nbsp;<\/p>\n<p><a href=\"https:\/\/wohlarium.com\/wp-content\/uploads\/2012\/08\/Content_trenner_1-spaltig.png\"><img decoding=\"async\" loading=\"lazy\" class=\"aligncenter size-full wp-image-2041\" src=\"https:\/\/wohlarium.com\/wp-content\/uploads\/2012\/08\/Content_trenner_1-spaltig.png\" alt=\"Content_trenner_1-spaltig\" width=\"960\" height=\"5\" srcset=\"https:\/\/wohlarium.de\/wp-content\/uploads\/2012\/08\/Content_trenner_1-spaltig.png 960w, https:\/\/wohlarium.de\/wp-content\/uploads\/2012\/08\/Content_trenner_1-spaltig-300x1.png 300w, https:\/\/wohlarium.de\/wp-content\/uploads\/2012\/08\/Content_trenner_1-spaltig-850x5.png 850w, https:\/\/wohlarium.de\/wp-content\/uploads\/2012\/08\/Content_trenner_1-spaltig-940x5.png 940w\" sizes=\"(max-width: 960px) 100vw, 960px\" \/><\/a><\/p>\n<p>&nbsp;<\/p>\n","protected":false},"excerpt":{"rendered":"<p>&nbsp; &nbsp; &nbsp;<\/p>\n","protected":false},"author":1,"featured_media":0,"parent":1590,"menu_order":0,"comment_status":"open","ping_status":"open","template":"","meta":[],"_links":{"self":[{"href":"https:\/\/wohlarium.de\/index.php?rest_route=\/wp\/v2\/pages\/53"}],"collection":[{"href":"https:\/\/wohlarium.de\/index.php?rest_route=\/wp\/v2\/pages"}],"about":[{"href":"https:\/\/wohlarium.de\/index.php?rest_route=\/wp\/v2\/types\/page"}],"author":[{"embeddable":true,"href":"https:\/\/wohlarium.de\/index.php?rest_route=\/wp\/v2\/users\/1"}],"replies":[{"embeddable":true,"href":"https:\/\/wohlarium.de\/index.php?rest_route=%2Fwp%2Fv2%2Fcomments&post=53"}],"version-history":[{"count":83,"href":"https:\/\/wohlarium.de\/index.php?rest_route=\/wp\/v2\/pages\/53\/revisions"}],"predecessor-version":[{"id":3127,"href":"https:\/\/wohlarium.de\/index.php?rest_route=\/wp\/v2\/pages\/53\/revisions\/3127"}],"up":[{"embeddable":true,"href":"https:\/\/wohlarium.de\/index.php?rest_route=\/wp\/v2\/pages\/1590"}],"wp:attachment":[{"href":"https:\/\/wohlarium.de\/index.php?rest_route=%2Fwp%2Fv2%2Fmedia&parent=53"}],"curies":[{"name":"wp","href":"https:\/\/api.w.org\/{rel}","templated":true}]}}