
{"id":2344,"date":"2014-07-09T08:15:18","date_gmt":"2014-07-09T08:15:18","guid":{"rendered":"http:\/\/wohlarium.com\/?page_id=2344"},"modified":"2023-01-11T18:39:52","modified_gmt":"2023-01-11T18:39:52","slug":"philosophie","status":"publish","type":"page","link":"https:\/\/wohlarium.de\/?page_id=2344","title":{"rendered":"Philosophie"},"content":{"rendered":"<div  id = 'Philosophie' class='column one-third  '><a href=\"https:\/\/wohlarium.com\/wp-content\/uploads\/2014\/07\/Teaser_Philosophie_one-third.png\"><img decoding=\"async\" loading=\"lazy\" class=\"alignleft size-full wp-image-2357\" src=\"https:\/\/wohlarium.com\/wp-content\/uploads\/2014\/07\/Teaser_Philosophie_one-third.png\" alt=\"Teaser_Philosophie_one third\" width=\"305\" height=\"286\" srcset=\"https:\/\/wohlarium.de\/wp-content\/uploads\/2014\/07\/Teaser_Philosophie_one-third.png 305w, https:\/\/wohlarium.de\/wp-content\/uploads\/2014\/07\/Teaser_Philosophie_one-third-300x281.png 300w\" sizes=\"(max-width: 305px) 100vw, 305px\" \/><\/a><\/p><\/div>\n<div  class='column two-third  last'><h2><span style=\"font-size: 18pt;\">Eins werden mit sich selbst &#8230; K\u00f6rper und Seele k\u00f6nnen nicht getrennt betrachtet werden.<\/span><\/h2>\n<p><span style=\"font-size: 14pt;\">Das ist der Leitsatz unserer Philosophie. Die verschiedenen Komponenten des Kosmetik-Programms erg\u00e4nzen sich ideal. Die Kosmetik wirkt \u00fcber unser gr\u00f6\u00dftes Sinnesorgan, die Haut. Sie entfalten sich von au\u00dfen nach innen. Die optimale Komposition der Methoden ist f\u00fcr jeden Menschen eine andere. Deswegen legen wir gro\u00dfes Augenmerk auf eine pers\u00f6nliche und kompetente Beratung. Das fundierte Hintergrundwissen f\u00fcr diese Beratung hebt das Wohlarium positiv aus dem Umfeld herk\u00f6mmlicher Kosmetik-Angebote heraus. Eine wohltuende Behandlung wird Ihr Allgemeinbefinden deutlich verbessern. Das hat nat\u00fcrlich positive Auswirkungen auf Ihre Ausstrahlung. Eines greift in das andere. Und so werden Sie bei dieser ganzheitlichen Anwendung sich erg\u00e4nzender Methoden rascher Ihr angestrebtes Ziel erreichen.<\/span><\/p>\n<p><span style=\"font-size: 14pt;\"><strong>Harmonie und Wohlbefinden im Einklang mit sich selbst.<\/strong><\/span><\/p><\/div>\n","protected":false},"excerpt":{"rendered":"","protected":false},"author":1,"featured_media":0,"parent":1590,"menu_order":0,"comment_status":"closed","ping_status":"closed","template":"","meta":[],"_links":{"self":[{"href":"https:\/\/wohlarium.de\/index.php?rest_route=\/wp\/v2\/pages\/2344"}],"collection":[{"href":"https:\/\/wohlarium.de\/index.php?rest_route=\/wp\/v2\/pages"}],"about":[{"href":"https:\/\/wohlarium.de\/index.php?rest_route=\/wp\/v2\/types\/page"}],"author":[{"embeddable":true,"href":"https:\/\/wohlarium.de\/index.php?rest_route=\/wp\/v2\/users\/1"}],"replies":[{"embeddable":true,"href":"https:\/\/wohlarium.de\/index.php?rest_route=%2Fwp%2Fv2%2Fcomments&post=2344"}],"version-history":[{"count":15,"href":"https:\/\/wohlarium.de\/index.php?rest_route=\/wp\/v2\/pages\/2344\/revisions"}],"predecessor-version":[{"id":3257,"href":"https:\/\/wohlarium.de\/index.php?rest_route=\/wp\/v2\/pages\/2344\/revisions\/3257"}],"up":[{"embeddable":true,"href":"https:\/\/wohlarium.de\/index.php?rest_route=\/wp\/v2\/pages\/1590"}],"wp:attachment":[{"href":"https:\/\/wohlarium.de\/index.php?rest_route=%2Fwp%2Fv2%2Fmedia&parent=2344"}],"curies":[{"name":"wp","href":"https:\/\/api.w.org\/{rel}","templated":true}]}}