
{"id":2017,"date":"2016-12-31T23:59:39","date_gmt":"2016-12-31T23:59:39","guid":{"rendered":"http:\/\/wohlarium.de\/?page_id=2017"},"modified":"2023-01-11T20:02:39","modified_gmt":"2023-01-11T20:02:39","slug":"premium-kosmetik-fuer-sie-ihn","status":"publish","type":"page","link":"https:\/\/wohlarium.de\/?page_id=2017","title":{"rendered":"Premium-Kosmetik"},"content":{"rendered":"<p>&nbsp;<\/p>\n<div  id = 'Philosophie' class='column one-third  '><a href=\"https:\/\/wohlarium.com\/wp-content\/uploads\/2014\/07\/Teaser_Philosophie_one-third.png\"><img decoding=\"async\" loading=\"lazy\" class=\"alignleft size-full wp-image-2428\" src=\"https:\/\/wohlarium.com\/wp-content\/uploads\/2014\/07\/Premium-Kosmetik-Phyris_one-third.png\" alt=\"Premium-Kosmetik Phyris_one third\" width=\"305\" height=\"316\" srcset=\"https:\/\/wohlarium.de\/wp-content\/uploads\/2014\/07\/Premium-Kosmetik-Phyris_one-third.png 305w, https:\/\/wohlarium.de\/wp-content\/uploads\/2014\/07\/Premium-Kosmetik-Phyris_one-third-289x300.png 289w\" sizes=\"(max-width: 305px) 100vw, 305px\" \/><\/a><\/p>\n<p><img decoding=\"async\" loading=\"lazy\" class=\"alignleft wp-image-2445 size-full\" src=\"https:\/\/wohlarium.com\/wp-content\/uploads\/2014\/07\/Phyris_one-third1.png\" alt=\"\" width=\"305\" height=\"97\" srcset=\"https:\/\/wohlarium.de\/wp-content\/uploads\/2014\/07\/Phyris_one-third1.png 305w, https:\/\/wohlarium.de\/wp-content\/uploads\/2014\/07\/Phyris_one-third1-300x95.png 300w\" sizes=\"(max-width: 305px) 100vw, 305px\" \/><\/p><\/div>\n<div  class='column two-third  last'><h2>Lassen Sie sich verw\u00f6hnen!<\/h2>\n<p>Keine Person gleicht einer anderen bis aufs Haar \u2013 wie sch\u00f6n, dass die Menschheit so individuell ist. Auch die pers\u00f6nlichen Vorlieben f\u00fcr die ideale kosmetische Pflege variieren. Und genau hier zieht PHYRIS den Trumpf aus dem \u00c4rmel! PHYRIS geht auf Sie, Ihre Haut und Vorlieben ganz individuell ein und bietet Ihnen in jeder Lebenslage eine perfekte kosmetische Pflege \u2013\n<strong>hochwirksam und vertr\u00e4glich.<\/strong><\/p>\n<p>&nbsp;<\/p>\n<h4>3-Phasen-Pflegekonzept<\/h4>\n<hr \/>\n<p>Das durchdachte 3-Phasen-Pflegekonzept von PHYRIS ist konventionellen Pflegemethoden ganz klar \u00fcberlegen. Es bietet beste Pflege-Ergebnisse bei verschiedensten Hautbed\u00fcrfnissen wie Straffen und Regenerieren, Durchfeuchten und Erfrischen. Es l\u00f6st und beruhigt Hautprobleme.<\/p>\n<p>&nbsp;<\/p>\n<h4>Wirksamkeit und Vertr\u00e4glichkeit<\/h4>\n<hr \/>\n<p>Die Pr\u00fcfung von Wirksamkeit und Vertr\u00e4glichkeit der PHYRIS-Produkte erfolgt regelm\u00e4\u00dfig mit freiwilligen Testpersonen unter medizinischer Aufsicht. Tierversuche sind dabei selbstverst\u00e4ndlich tabu. Damit PHYRIS immer up to date ist, wurde ein internationales Netzwerk hochinno\u00advativer Laboratorien gekn\u00fcpft.<\/p>\n<p>&nbsp;<\/p>\n<h4>Premiumqualit\u00e4t<\/h4>\n<hr \/>\n<p>Wissenschaftler aus aller Welt, f\u00fchrende Dermatologen und erfahrene Kosmetikentwickler haben in enger Zusammenarbeit neue Ma\u00dfst\u00e4be gesetzt. Die High-Tech-Herstellung der Exklusivrezepturen erfolgt nach den gleichen strengen Standards, wie sie auch in der Pharmazie gelten. Dabei kommen bevorzugt nat\u00fcrliche Wirkstoffe zum Einsatz. PHYRIS besticht durch absolute Premiumqualit\u00e4t.\n<strong>Und das alles made in Germany.<\/strong><\/p>\n<p>&nbsp;<\/p>\n<div class='box-content '><h3><a href=\"https:\/\/wohlarium.de\/?page_id=2025\">Preisliste<\/a><\/h3><\/div><\/div>\n<p>&nbsp;<\/p>\n<p>&nbsp;<\/p>\n<p><a href=\"https:\/\/wohlarium.com\/wp-content\/uploads\/2012\/08\/Content_trenner_1-spaltig.png\"><img decoding=\"async\" loading=\"lazy\" class=\"alignleft size-full wp-image-2041\" src=\"https:\/\/wohlarium.com\/wp-content\/uploads\/2012\/08\/Content_trenner_1-spaltig.png\" alt=\"Content_trenner_1-spaltig\" width=\"960\" height=\"5\" srcset=\"https:\/\/wohlarium.de\/wp-content\/uploads\/2012\/08\/Content_trenner_1-spaltig.png 960w, https:\/\/wohlarium.de\/wp-content\/uploads\/2012\/08\/Content_trenner_1-spaltig-300x1.png 300w, https:\/\/wohlarium.de\/wp-content\/uploads\/2012\/08\/Content_trenner_1-spaltig-850x5.png 850w, https:\/\/wohlarium.de\/wp-content\/uploads\/2012\/08\/Content_trenner_1-spaltig-940x5.png 940w\" sizes=\"(max-width: 960px) 100vw, 960px\" \/><\/a><\/p>\n<p>&nbsp;<\/p>\n<p>&nbsp;<\/p>\n<div  id = 'Philosophie' class='column one-third  '><a href=\"https:\/\/wohlarium.com\/wp-content\/uploads\/2014\/07\/Premium-Kosmetik_Women_one-third.png\"><img decoding=\"async\" loading=\"lazy\" class=\"alignleft size-full wp-image-2431\" src=\"https:\/\/wohlarium.com\/wp-content\/uploads\/2014\/07\/Premium-Kosmetik_Women_one-third.png\" alt=\"Premium-Kosmetik_Women_one third\" width=\"305\" height=\"316\" srcset=\"https:\/\/wohlarium.de\/wp-content\/uploads\/2014\/07\/Premium-Kosmetik_Women_one-third.png 305w, https:\/\/wohlarium.de\/wp-content\/uploads\/2014\/07\/Premium-Kosmetik_Women_one-third-289x300.png 289w\" sizes=\"(max-width: 305px) 100vw, 305px\" \/><\/a><\/p><\/div>\n<div  class='column two-third  last'><h2>Klassische Kosmetikbehandlungen<\/h2>\n<h4>Kennenlern-Behandlung<\/h4>\n<hr \/>\n<p>Gesichtspflege, Hautanalyse, Reinigung, Peeling, Brauen-korrektur, Entfernen von Hautunreinheiten, individuelle Wirkstoffpackung nach Hautbild, Abschlusspflege. <em>Behandlungszeit: 60 Min.<\/em><\/p>\n<p>&nbsp;<\/p>\n<h4>Klassik-Behandlung<\/h4>\n<hr \/>\n<p>Gesichts-\/Hals-\/Dekollet\u00e9pflege, Hautanalyse, Reinigung, Peeling, Brauenkorrektur, Entfernen von Hautunreinheiten, individuelle Wirkstoffpackung nach Hautbild, entspannende Massage f\u00fcr Gesicht, Hals und Dekollet\u00e9, Abschlusspflege. <em>Behandlungszeit: 90 Min.<\/em><\/p>\n<p>&nbsp;<\/p>\n<p>&nbsp;<\/p>\n<h2>Individuelle Kosmetikbehandlungen<\/h2>\n<h4>Kosmetische Expressbehandlung<\/h4>\n<hr \/>\n<p>mit Kollagenvlies, Feuchtigkeit pur \u2013 beugt vorzeitiger Hautalterung vor. <em>Behandlungszeit: 30 Min.<\/em><\/p>\n<p>&nbsp;<\/p>\n<h4>AQUA FRESH<\/h4>\n<hr \/>\n<p><strong>Erfrischen und Beleben<\/strong><\/p>\n<p>AQUA FRESH ist wie ein Sprung in klares Quellwasser.\nPrickelnde K\u00fchlung und pure Erfrischung lassen die Haut lebendig und jung aussehen. <em>Behandlungszeit: 90 Min.<\/em><\/p>\n<p>&nbsp;<\/p>\n<h4>ANTI STRESS<\/h4>\n<hr \/>\n<p><strong>Beruhigen und Harmonisieren<\/strong><\/p>\n<p>ANTI STRESS befreit die Haut von Stresserscheinungen und schenkt ein einzigartig ruhiges und ausgeglichenes Hautgef\u00fchl. R\u00f6tungen und Irritationen werden gemildert und die Haut sieht ebenm\u00e4\u00dfig und ruhig aus. <em>Behandlungszeit: 70 Min.<\/em><\/p>\n<p>&nbsp;<\/p>\n<h4>SOFT CALMING<\/h4>\n<hr \/>\n<p>SOFT CALMING l\u00e4sst jede zu Reaktionen neigende Haut zur Ruhe kommen und wirkt tief durchfeuchtend und entspannend. Reizfaktoren werden ausgeschaltet und die Haut wirkt wieder ruhig und entspannt. (Kollagenmaske.) <em>Behandlungszeit: 90 Min.<\/em><\/p>\n<p>&nbsp;<\/p>\n<div class='box-content '><h3><a href=\"https:\/\/wohlarium.de\/?page_id=2025\">Preisliste<\/a><\/h3><\/div><\/div>\n<p>&nbsp;<\/p>\n<p>&nbsp;<\/p>\n<p><a href=\"https:\/\/wohlarium.com\/wp-content\/uploads\/2012\/08\/Content_trenner_1-spaltig.png\"><img decoding=\"async\" loading=\"lazy\" class=\"alignleft size-full wp-image-2041\" src=\"https:\/\/wohlarium.com\/wp-content\/uploads\/2012\/08\/Content_trenner_1-spaltig.png\" alt=\"Content_trenner_1-spaltig\" width=\"960\" height=\"5\" srcset=\"https:\/\/wohlarium.de\/wp-content\/uploads\/2012\/08\/Content_trenner_1-spaltig.png 960w, https:\/\/wohlarium.de\/wp-content\/uploads\/2012\/08\/Content_trenner_1-spaltig-300x1.png 300w, https:\/\/wohlarium.de\/wp-content\/uploads\/2012\/08\/Content_trenner_1-spaltig-850x5.png 850w, https:\/\/wohlarium.de\/wp-content\/uploads\/2012\/08\/Content_trenner_1-spaltig-940x5.png 940w\" sizes=\"(max-width: 960px) 100vw, 960px\" \/><\/a><\/p>\n<p>&nbsp;<\/p>\n<p>&nbsp;<\/p>\n<div  id = 'Philosophie' class='column one-third  '><a href=\"https:\/\/wohlarium.com\/wp-content\/uploads\/2014\/07\/Teaser_Philosophie_one-third.png\"><img decoding=\"async\" loading=\"lazy\" class=\"alignleft size-full wp-image-2432\" src=\"https:\/\/wohlarium.com\/wp-content\/uploads\/2014\/07\/Premium-Kosmetik_Men_one-third.png\" alt=\"Premium-Kosmetik_Men_one third\" width=\"305\" height=\"316\" srcset=\"https:\/\/wohlarium.de\/wp-content\/uploads\/2014\/07\/Premium-Kosmetik_Men_one-third.png 305w, https:\/\/wohlarium.de\/wp-content\/uploads\/2014\/07\/Premium-Kosmetik_Men_one-third-289x300.png 289w\" sizes=\"(max-width: 305px) 100vw, 305px\" \/><\/a><\/p><\/div>\n<div  class='column two-third  last'><h2>F\u00fcr eine junge, dynamische und vitale Ausstrahlung<\/h2>\n<h4>Kennenlern-Behandlung<\/h4>\n<hr \/>\n<p>Hautanalyse, Reinigung, Peeling, Entfernen von Hautunreinheiten, individuelle Wirkstoffpackung nach Hautbild, kleine Massage und Abschlusspflege. <em>Behandlungszeit: 60 Min.<\/em><\/p>\n<p>&nbsp;<\/p>\n<h4>FACE MAN \u2013 Power Sensation Eyes<\/h4>\n<hr \/>\n<p><strong>\u00a0Straffen, Gl\u00e4tten und Regenerieren<\/strong><\/p>\n<p>Die besondere Gesichtsbehandlung ma\u00dfgeschneidert f\u00fcr die speziellen Bed\u00fcrfnisse der M\u00e4nnerhaut. Power Sensation Eyes spendet der Haut intensiv Feuchtigkeit und unterst\u00fctzt sie dabei, die Feuchtigkeit lange zu binden. Irritationen und Reizungen werden gemildert und die Haut\u00adoberfl\u00e4che sieht glatt, ebenm\u00e4\u00dfig und frisch aus. Die Augen werden mit einer ganz besonderen Behandlung wieder zum Strahlen gebracht.\n<em>Behandlungszeit ohne\/mit Gesichtsmassage: 60\/80 Min.<\/em><\/p>\n<p>&nbsp;<\/p>\n<h4>GENTLEMAN exklusiv<\/h4>\n<hr \/>\n<p><strong>Die besondere Behandlung f\u00fcr den gepflegten Herrn:<\/strong> Gesichtsbehandlung speziell auf den Herrn abgestimmt mit anschlie\u00dfender Manik\u00fcre f\u00fcr gepflegte H\u00e4nde.\nGesichtspflege, Hautanalyse, Reinigung, Peeling, Brauenkorrektur nach Bedarf, Entfernen von Hautunreinheiten, individuelle Wirkstoffpackung nach Hautbild, entspannende Gesichtsmassage, Abschlusspflege.\n<em>Behandlungszeit: 110 Min.<\/em><\/p>\n<p>&nbsp;<\/p>\n<h4>RELAX MAN \u2013 M\u00e4nnerwellness pur<\/h4>\n<hr \/>\n<p>Gesichtsbehandlung in Kombination mit einer Massage. \nEntspannendes Aroma-Fu\u00dfbad, aktivierende Fu\u00dfzonenMassage, Nacken- und R\u00fcckenmassage, Anti-Stress-\nGesichtsbehandlung (Hautanalyse, Peeling, Tiefenreinigung, Gesichtsmaske).\n<em>Behandlungszeit: 135 Min.<\/em><\/p>\n<p>&nbsp;<\/p>\n<h4>Sonderleistungen<\/h4>\n<hr \/>\n<p>Depilation mit Wachs: Ober- und Unterschenkel sowie Achseln und R\u00fccken.<\/p>\n<p>&nbsp;<\/p>\n<div class='box-content '><h3><a href=\"https:\/\/wohlarium.de\/?page_id=2025\">Preisliste<\/a><\/h3><\/div>\n<p>&nbsp;<\/p>\n<p>&nbsp;<\/p><\/div>\n","protected":false},"excerpt":{"rendered":"<p>&nbsp; &nbsp; &nbsp; &nbsp; &nbsp; &nbsp; &nbsp; &nbsp; &nbsp;<\/p>\n","protected":false},"author":1,"featured_media":0,"parent":41,"menu_order":0,"comment_status":"closed","ping_status":"closed","template":"","meta":[],"_links":{"self":[{"href":"https:\/\/wohlarium.de\/index.php?rest_route=\/wp\/v2\/pages\/2017"}],"collection":[{"href":"https:\/\/wohlarium.de\/index.php?rest_route=\/wp\/v2\/pages"}],"about":[{"href":"https:\/\/wohlarium.de\/index.php?rest_route=\/wp\/v2\/types\/page"}],"author":[{"embeddable":true,"href":"https:\/\/wohlarium.de\/index.php?rest_route=\/wp\/v2\/users\/1"}],"replies":[{"embeddable":true,"href":"https:\/\/wohlarium.de\/index.php?rest_route=%2Fwp%2Fv2%2Fcomments&post=2017"}],"version-history":[{"count":76,"href":"https:\/\/wohlarium.de\/index.php?rest_route=\/wp\/v2\/pages\/2017\/revisions"}],"predecessor-version":[{"id":3296,"href":"https:\/\/wohlarium.de\/index.php?rest_route=\/wp\/v2\/pages\/2017\/revisions\/3296"}],"up":[{"embeddable":true,"href":"https:\/\/wohlarium.de\/index.php?rest_route=\/wp\/v2\/pages\/41"}],"wp:attachment":[{"href":"https:\/\/wohlarium.de\/index.php?rest_route=%2Fwp%2Fv2%2Fmedia&parent=2017"}],"curies":[{"name":"wp","href":"https:\/\/api.w.org\/{rel}","templated":true}]}}